{"id":6146,"date":"2016-12-29T11:56:09","date_gmt":"2016-12-29T11:56:09","guid":{"rendered":"http:\/\/aton.select-themes.com\/?page_id=6146"},"modified":"2025-06-10T11:12:02","modified_gmt":"2025-06-10T09:12:02","slug":"contact","status":"publish","type":"page","link":"https:\/\/www.ohmynet.fr\/en\/contact\/","title":{"rendered":"Contact"},"content":{"rendered":"<div class=\"wpb-content-wrapper\"><div data-qodef-parallax-speed=\"1\" class=\"vc_row wpb_row vc_row-fluid qodef-section vc_custom_1484658093003 qodef-content-aligment-left qodef-parallax-section-holder qodef-parallax-section-holder-touch-disabled qodef-grid-section\" style=\"background-image:url(https:\/\/www.ohmynet.fr\/wp-content\/uploads\/2016\/12\/our-services-bcg-image.jpg);\"><div class=\"clearfix qodef-section-inner\"><div class=\"qodef-section-inner-margin clearfix\"><div class=\"wpb_column vc_column_container vc_col-sm-12 vc_col-lg-12\"><div class=\"vc_column-inner\"><div class=\"wpb_wrapper\"><div data-qodef-parallax-speed=\"1\" class=\"vc_row wpb_row vc_inner vc_row-fluid qodef-section qodef-content-aligment-left\" style=\"\"><div class=\"qodef-full-section-inner\"><div class=\"wpb_column vc_column_container vc_col-sm-12 vc_col-lg-10 vc_col-md-12\"><div class=\"vc_column-inner\"><div class=\"wpb_wrapper\">\n\t<div class=\"wpb_text_column wpb_content_element\" >\n\t\t<div class=\"wpb_wrapper\">\n\t\t\t<h1><span style=\"color: #ffffff;\">Vous avez un projet ?\u00a0<\/span><\/h1>\n\n\t\t<\/div>\n\t<\/div>\n<\/div><\/div><\/div><\/div><\/div><div class=\"vc_empty_space\"   style=\"height: 19px\"><span class=\"vc_empty_space_inner\"><\/span><\/div><div class=\"qodef-svg-separator-holder qodef-svg-separator-large\">\r\n    <div class=\"qodef-svg-separator qodef-svg-frames-class\" data-svg-frames=\"15\" data-svg-drawing=\"yes\" >\r\n        <svg version=\"1.1\"  xmlns=\"http:\/\/www.w3.org\/2000\/svg\" xmlns:xlink=\"http:\/\/www.w3.org\/1999\/xlink\" x=\"0px\" y=\"0px\"\r\n            width=\"60px\" height=\"20px\" viewBox=\"0 0 60 20\" enable-background=\"new 0 0 60 20\" xml:space=\"preserve\">\r\n            <path fill=\"none\" stroke=\"#feea0e\" stroke-width=\"6\" stroke-linecap=\"round\" stroke-miterlimit=\"10\" d=\"M3.188,8.848 C20.521,3.89,38.313,16.66,56.813,9.473\"\/>\r\n        <\/svg>\r\n    <\/div>\r\n<\/div><div class=\"vc_empty_space\"   style=\"height: 20px\"><span class=\"vc_empty_space_inner\"><\/span><\/div><div data-qodef-parallax-speed=\"1\" class=\"vc_row wpb_row vc_inner vc_row-fluid qodef-section qodef-content-aligment-left\" style=\"\"><div class=\"qodef-full-section-inner\"><div class=\"wpb_column vc_column_container vc_col-sm-12 vc_col-lg-6 vc_col-md-10\"><div class=\"vc_column-inner\"><div class=\"wpb_wrapper\">\n<div class=\"qodef-custom-font-holder\" style=\"font-family: Catamaran;font-size: 21px;line-height: 28px;font-weight: 400;text-align: left;color: #ffffff\" data-font-size= 21 data-line-height= 28>\n    Nous sommes l\u00e0 pour \u00eatre \u00e0 votre \u00e9coute, analyser vos besoins, vous comprendre pour mieux vous conseiller et vous accompagner dans votre projet de communication.    <\/div><\/div><\/div><\/div><\/div><\/div><\/div><\/div><\/div><\/div><\/div><\/div><div class=\"vc_row wpb_row vc_row-fluid qodef-section vc_custom_1708958459936 qodef-content-aligment-left qodef-grid-section\" style=\"\"><div class=\"clearfix qodef-section-inner\"><div class=\"qodef-section-inner-margin clearfix\"><div class=\"wpb_column vc_column_container vc_col-sm-12 vc_col-lg-6 vc_col-md-12\"><div class=\"vc_column-inner\"><div class=\"wpb_wrapper\">\n\t<div class=\"wpb_text_column wpb_content_element\" >\n\t\t<div class=\"wpb_wrapper\">\n\t\t\t<h4>Vous comprendre pour mieux vous conseiller et vous accompagner.<\/h4>\n\n\t\t<\/div>\n\t<\/div>\n<div class=\"vc_empty_space\"   style=\"height: 12px\"><span class=\"vc_empty_space_inner\"><\/span><\/div>\n\t<div class=\"wpb_text_column wpb_content_element\" >\n\t\t<div class=\"wpb_wrapper\">\n\t\t\t<h2>Contactez-nous<\/h2>\n\n\t\t<\/div>\n\t<\/div>\n<div class=\"vc_empty_space\"   style=\"height: 8px\"><span class=\"vc_empty_space_inner\"><\/span><\/div><div class=\"qodef-svg-separator-holder qodef-svg-separator-small\">\r\n    <div class=\"qodef-svg-separator qodef-svg-frames-class\" data-svg-frames=\"15\" data-svg-drawing=\"yes\" >\r\n        <svg version=\"1.1\"  xmlns=\"http:\/\/www.w3.org\/2000\/svg\" xmlns:xlink=\"http:\/\/www.w3.org\/1999\/xlink\" x=\"0px\" y=\"0px\"\r\n            width=\"60px\" height=\"20px\" viewBox=\"0 0 60 20\" enable-background=\"new 0 0 60 20\" xml:space=\"preserve\">\r\n            <path fill=\"none\" stroke=\"#feea0e\" stroke-width=\"6\" stroke-linecap=\"round\" stroke-miterlimit=\"10\" d=\"M3.188,8.848 C20.521,3.89,38.313,16.66,56.813,9.473\"\/>\r\n        <\/svg>\r\n    <\/div>\r\n<\/div><div class=\"vc_empty_space\"   style=\"height: 29px\"><span class=\"vc_empty_space_inner\"><\/span><\/div><div class=\"qodef-iwt clearfix qodef-iwt-icon-left qodef-iwt-icon-small\"  >\n    <div class=\"qodef-iwt-icon-holder\">\n                    \n    <span class=\"qodef-icon-shortcode normal\" style=\"margin: -2px 0 0 5px\" data-color=\"#00a5cd\">\n        \n        <i class=\"qodef-icon-font-awesome fa fa-map-marker qodef-icon-element\" style=\"color: #00a5cd;font-size:24px\" ><\/i>\n            <\/span>\n\n            <\/div>\n    <div class=\"qodef-iwt-content-holder\" style=\"padding-left: 35px\">\n                        <div class=\"qodef-iwt-text-holder\">\n            <p >470, route du tilleul, 69270 Cailloux sur Fontaines<\/p>\n\n                    <\/div>\n    <\/div>\n<\/div><div class=\"vc_empty_space\"   style=\"height: 17px\"><span class=\"vc_empty_space_inner\"><\/span><\/div><div class=\"qodef-iwt clearfix qodef-iwt-icon-left qodef-iwt-icon-small\"  >\n    <div class=\"qodef-iwt-icon-holder\">\n                    \n    <span class=\"qodef-icon-shortcode normal\" style=\"margin: -4px 0 0 5px\" data-color=\"#00a5cd\">\n        \n        <i class=\"qodef-icon-font-awesome fa fa-mobile qodef-icon-element\" style=\"color: #00a5cd;font-size:30px\" ><\/i>\n            <\/span>\n\n            <\/div>\n    <div class=\"qodef-iwt-content-holder\" style=\"padding-left: 35px\">\n                        <div class=\"qodef-iwt-text-holder\">\n            <p >09 54 48 49 04<\/p>\n\n                    <\/div>\n    <\/div>\n<\/div><div class=\"vc_empty_space\"   style=\"height: 12px\"><span class=\"vc_empty_space_inner\"><\/span><\/div><div class=\"qodef-iwt clearfix qodef-iwt-icon-left qodef-iwt-icon-small\"  >\n    <div class=\"qodef-iwt-icon-holder\">\n                    \n    <span class=\"qodef-icon-shortcode normal\" style=\"margin: 2px 0 0 0\" data-color=\"#00a5cd\">\n        \n        <i class=\"qodef-icon-font-awesome fa fa-envelope qodef-icon-element\" style=\"color: #00a5cd;font-size:18px\" ><\/i>\n            <\/span>\n\n            <\/div>\n    <div class=\"qodef-iwt-content-holder\" style=\"padding-left: 35px\">\n                        <div class=\"qodef-iwt-text-holder\">\n            <p >contact@ohmycom.fr<\/p>\n\n                    <\/div>\n    <\/div>\n<\/div><div class=\"vc_empty_space\"   style=\"height: 12px\"><span class=\"vc_empty_space_inner\"><\/span><\/div><div class=\"qodef-iwt clearfix qodef-iwt-icon-left qodef-iwt-icon-small\"  >\n    <div class=\"qodef-iwt-icon-holder\">\n                    \n    <span class=\"qodef-icon-shortcode normal\" style=\"margin: 2px 0 0 0\" data-color=\"#00a5cd\">\n        \n        <i class=\"qodef-icon-font-awesome fa fa-clock-o qodef-icon-element\" style=\"color: #00a5cd;font-size:18px\" ><\/i>\n            <\/span>\n\n            <\/div>\n    <div class=\"qodef-iwt-content-holder\" style=\"padding-left: 35px\">\n                        <div class=\"qodef-iwt-text-holder\">\n            <p >Ouverture du lundi au vendredi de 9h \u00e0 18h<\/p>\n\n                    <\/div>\n    <\/div>\n<\/div><div class=\"vc_empty_space\"   style=\"height: 24px\"><span class=\"vc_empty_space_inner\"><\/span><\/div>\n\t<div class=\"wpb_text_column wpb_content_element\" >\n\t\t<div class=\"wpb_wrapper\">\n\t\t\t<p><em>Si vous \u00eates curieux de savoir ce que nous faisons au quotidien, suivez-nous !<\/em><\/p>\n\n\t\t<\/div>\n\t<\/div>\n<div class=\"vc_empty_space\"   style=\"height: 12px\"><span class=\"vc_empty_space_inner\"><\/span><\/div>\n    <span class=\"qodef-icon-shortcode circle\" style=\"margin: 5px;width: 50px;height: 50px;line-height: 50px;background-color: #000000;border-color: #000000\" data-hover-border-color=\"#00a5cd\" data-hover-background-color=\"#00a5cd\" data-hover-color=\"#ffffff\" data-color=\"#ffffff\">\n                    <a itemprop=\"url\" class=\"\"  href=\"https:\/\/www.facebook.com\/agenceohmycom\/\" target=\"_blank\">\n        \n        <i class=\"qodef-icon-font-awesome fa fa-facebook qodef-icon-element\" style=\"color: #ffffff;font-size:20px\" ><\/i>\n                    <\/a>\n            <\/span>\n\n\n    <span class=\"qodef-icon-shortcode circle\" style=\"margin: 5px;width: 50px;height: 50px;line-height: 50px;background-color: #000000;border-color: #000000\" data-hover-border-color=\"#00a5cd\" data-hover-background-color=\"#00a5cd\" data-hover-color=\"#ffffff\" data-color=\"#ffffff\">\n                    <a itemprop=\"url\" class=\"\"  href=\"https:\/\/www.linkedin.com\/company\/oh-my-com\/\" target=\"_blank\">\n        \n        <i class=\"qodef-icon-font-awesome fa fa-linkedin qodef-icon-element\" style=\"color: #ffffff;font-size:20px\" ><\/i>\n                    <\/a>\n            <\/span>\n\n\n    <span class=\"qodef-icon-shortcode circle\" style=\"margin: 5px;width: 50px;height: 50px;line-height: 50px;background-color: #000000;border-color: #000000\" data-hover-border-color=\"#00a5cd\" data-hover-background-color=\"#00a5cd\" data-hover-color=\"#ffffff\" data-color=\"#ffffff\">\n                    <a itemprop=\"url\" class=\"\"  href=\"https:\/\/www.instagram.com\/agence_ohmycom\/?hl=fr\" target=\"_blank\">\n        \n        <i class=\"qodef-icon-font-awesome fa fa-instagram qodef-icon-element\" style=\"color: #ffffff;font-size:20px\" ><\/i>\n                    <\/a>\n            <\/span>\n\n\n    <span class=\"qodef-icon-shortcode circle\" style=\"margin: 5px;width: 50px;height: 50px;line-height: 50px;background-color: #000000;border-color: #000000\" data-hover-border-color=\"#00a5cd\" data-hover-background-color=\"#00a5cd\" data-hover-color=\"#ffffff\" data-color=\"#ffffff\">\n                    <a itemprop=\"url\" class=\"\"  href=\"https:\/\/www.tiktok.com\/@ohmycom_\" target=\"_blank\">\n        \n        <i class=\"qodef-icon-font-awesome fa fa-music qodef-icon-element\" style=\"color: #ffffff;font-size:20px\" ><\/i>\n                    <\/a>\n            <\/span>\n\n\n    <span class=\"qodef-icon-shortcode circle\" style=\"margin: 5px;width: 50px;height: 50px;line-height: 50px;background-color: #000000;border-color: #000000\" data-hover-border-color=\"#00a5cd\" data-hover-background-color=\"#00a5cd\" data-hover-color=\"#ffffff\" data-color=\"#ffffff\">\n                    <a itemprop=\"url\" class=\"\"  href=\"https:\/\/www.youtube.com\/@ohmycom6298\" target=\"_blank\">\n        \n        <i class=\"qodef-icon-font-awesome fa fa-youtube qodef-icon-element\" style=\"color: #ffffff;font-size:20px\" ><\/i>\n                    <\/a>\n            <\/span>\n\n<div class=\"vc_empty_space\"   style=\"height: 55px\"><span class=\"vc_empty_space_inner\"><\/span><\/div><\/div><\/div><\/div><div class=\"wpb_column vc_column_container vc_col-sm-12 vc_col-lg-6 vc_col-md-12\"><div class=\"vc_column-inner\"><div class=\"wpb_wrapper\">\n\t<div class=\"wpb_text_column wpb_content_element\" >\n\t\t<div class=\"wpb_wrapper\">\n\t\t\t\n<div class=\"wpcf7 no-js\" id=\"wpcf7-f12848-o1\" lang=\"fr-FR\" dir=\"ltr\" data-wpcf7-id=\"12848\">\n<div class=\"screen-reader-response\"><p role=\"status\" aria-live=\"polite\" aria-atomic=\"true\"><\/p> <ul><\/ul><\/div>\n<form action=\"\/en\/wp-json\/wp\/v2\/pages\/6146#wpcf7-f12848-o1\" method=\"post\" class=\"wpcf7-form init\" aria-label=\"Formulaire de contact\" novalidate=\"novalidate\" data-status=\"init\">\n<fieldset class=\"hidden-fields-container\"><input type=\"hidden\" name=\"_wpcf7\" value=\"12848\" \/><input type=\"hidden\" name=\"_wpcf7_version\" value=\"6.1.5\" \/><input type=\"hidden\" name=\"_wpcf7_locale\" value=\"fr_FR\" \/><input type=\"hidden\" name=\"_wpcf7_unit_tag\" value=\"wpcf7-f12848-o1\" \/><input type=\"hidden\" name=\"_wpcf7_container_post\" value=\"0\" \/><input type=\"hidden\" name=\"_wpcf7_posted_data_hash\" value=\"\" \/><input type=\"hidden\" name=\"_wpcf7_recaptcha_response\" value=\"\" \/>\n<\/fieldset>\n<p><label> Votre nom \/ pr\u00e9nom<br \/>\n<span class=\"wpcf7-form-control-wrap\" data-name=\"nom\"><input size=\"40\" maxlength=\"400\" class=\"wpcf7-form-control wpcf7-text wpcf7-validates-as-required\" autocomplete=\"name\" aria-required=\"true\" aria-invalid=\"false\" value=\"\" type=\"text\" name=\"nom\" \/><\/span> <\/label>\n<\/p>\n<p><label> Votre soci\u00e9t\u00e9<br \/>\n<span class=\"wpcf7-form-control-wrap\" data-name=\"societe\"><input size=\"40\" maxlength=\"400\" class=\"wpcf7-form-control wpcf7-text wpcf7-validates-as-required\" aria-required=\"true\" aria-invalid=\"false\" value=\"\" type=\"text\" name=\"societe\" \/><\/span> <\/label>\n<\/p>\n<p><label> Votre e-mail<br \/>\n<span class=\"wpcf7-form-control-wrap\" data-name=\"mail\"><input size=\"40\" maxlength=\"400\" class=\"wpcf7-form-control wpcf7-email wpcf7-validates-as-required wpcf7-text wpcf7-validates-as-email\" autocomplete=\"email\" aria-required=\"true\" aria-invalid=\"false\" value=\"\" type=\"email\" name=\"mail\" \/><\/span> <\/label>\n<\/p>\n<p><label> Votre t\u00e9l\u00e9phone<br \/>\n<span class=\"wpcf7-form-control-wrap\" data-name=\"tel\"><input size=\"40\" maxlength=\"400\" class=\"wpcf7-form-control wpcf7-tel wpcf7-validates-as-required wpcf7-text wpcf7-validates-as-tel\" aria-required=\"true\" aria-invalid=\"false\" value=\"\" type=\"tel\" name=\"tel\" \/><\/span><\/label>\n<\/p>\n<p><label> Votre projet<br \/>\n<span class=\"wpcf7-form-control-wrap\" data-name=\"message\"><textarea cols=\"40\" rows=\"10\" maxlength=\"2000\" class=\"wpcf7-form-control wpcf7-textarea wpcf7-validates-as-required\" aria-required=\"true\" aria-invalid=\"false\" name=\"message\"><\/textarea><\/span> <\/label>\n<\/p>\n<p><input class=\"wpcf7-form-control wpcf7-submit has-spinner\" type=\"submit\" value=\"Envoyer\" \/>\n<\/p><div class=\"wpcf7-response-output\" aria-hidden=\"true\"><\/div>\n<\/form>\n<\/div>\n\n\n\t\t<\/div>\n\t<\/div>\n<\/div><\/div><\/div><\/div><\/div><\/div><div class=\"vc_row wpb_row vc_row-fluid qodef-section vc_custom_1710153088804 qodef-content-aligment-left\" style=\"\"><div class=\"clearfix qodef-full-section-inner\"><div class=\"wpb_column vc_column_container vc_col-sm-12\"><div class=\"vc_column-inner\"><div class=\"wpb_wrapper\">\t<div class=\"qodef-call-to-action normal\">\n\n\t\t\t\t<div class=\"qodef-container-inner\">\n\t\t\t\t\t<div class=\"qodef-call-to-action-row-66-33 clearfix\" style=\"padding: 51px 0 51px 0;\">\n\t\t\t\t\t\t<div class=\"qodef-text-wrapper qodef-call-to-action-column1 qodef-call-to-action-cell\">\n\t\t\t\t\t\t\t\t\t<div class=\"qodef-call-to-action-text\" >\n<h2><span style=\"color: #ffffff;\"><strong>Vous pr\u00e9f\u00e9rez prendre rdv en 1 clic ?<\/strong><\/span><\/h2>\n<h4 style=\"font-size: 20px; font-weight: 400;\"><span style=\"color: #ffffff;\">En pr\u00e9sentiel ou en visio, r\u00e9servez directement le cr\u00e9neau qui vous convient le mieux.<\/span><\/h4>\n<\/div>\n\t\t\t\t<\/div>\n\n\t\t\t\t\t\t\t\t\t<div class=\"qodef-button-wrapper qodef-call-to-action-column2 qodef-call-to-action-cell\" style =\"text-align: right ;\">\n\t\t\t\t\t\t<a itemprop=\"url\" href=\"https:\/\/calendly.com\/louise-ohmycom\/\" target=\"_self\" style=\"color: #00a5cd;background-color: #ffffff;border-color: #ffffff\" class=\"qodef-btn qodef-btn-large qodef-btn-solid qodef-btn-custom-hover-bg qodef-btn-custom-border-hover qodef-btn-custom-hover-color qodef-btn-icon qodef-btn-hover-sweep\" data-hover-bg-color=\"#00a5cd\" data-hover-color=\"#ffffff\" data-hover-border-color=\"#ffffff\"  >    <span class=\"qodef-btn-text\">Prendre RDV avec Louise<\/span>    <i class=\"qodef-icon-font-awesome fa fa-arrow-right qodef-button-icon\" ><\/i>            <span class=\"qodef-hover-background-holder\">\t    \t<span class=\"qodef-hover-background\"><\/span>    \t<\/span>    <\/a>\t\t\t\t\t<\/div>\n\t\t\t\t\t\t\t<\/div>\n\t\t\t\t<\/div>\n\t\t\t<\/div>\n<\/div><\/div><\/div><\/div><\/div><div class=\"vc_row wpb_row vc_row-fluid qodef-section qodef-content-aligment-left\" style=\"\"><div class=\"clearfix qodef-full-section-inner\"><div class=\"wpb_column vc_column_container vc_col-sm-12\"><div class=\"vc_column-inner\"><div class=\"wpb_wrapper\">\n\t<div class=\"wpb_raw_code wpb_raw_html wpb_content_element\" >\n\t\t<div class=\"wpb_wrapper\">\n\t\t\t[simpleMapNoApi]\n\t\t<\/div>\n\t<\/div>\n<\/div><\/div><\/div><\/div><\/div><div class=\"vc_row wpb_row vc_row-fluid qodef-section ohmy vc_custom_1710153123416 qodef-content-aligment-center qodef-grid-section\" style=\"\"><div class=\"clearfix qodef-section-inner\"><div class=\"qodef-section-inner-margin clearfix\"><div class=\"wpb_column vc_column_container vc_col-sm-12\"><div class=\"vc_column-inner\"><div class=\"wpb_wrapper\"><div class=\"qodef-carousel-holder clearfix\"><div class=\"qodef-carousel\" data-items=\"6\" data-navigation=\"no\" data-autoplay=\"4\"><div class=\"qodef-carousel-item-holder\">\r\n\t\t<a href=\"https:\/\/www.ohmyevent.fr\/\" target=\"_blank\">\r\n\t\t\t\t\t\t<span class=\"qodef-carousel-first-image-holder  qodef-image-zoom\">\r\n\t\t\t\t<img decoding=\"async\" src=\"https:\/\/www.ohmynet.fr\/wp-content\/uploads\/2024\/02\/Logo-ohmyevent.png\" alt=\"oh my event\">\r\n\t\t\t<\/span>\r\n\t\t\t\t\t\t<\/a>\r\n\t<\/div><div class=\"qodef-carousel-item-holder\">\r\n\t\t<a href=\"https:\/\/www.ohmycom.fr\/\" target=\"_blank\">\r\n\t\t\t\t\t\t<span class=\"qodef-carousel-first-image-holder  qodef-image-zoom\">\r\n\t\t\t\t<img decoding=\"async\" src=\"https:\/\/www.ohmynet.fr\/wp-content\/uploads\/2024\/02\/Logo-ohmycom.png\" alt=\"oh my com\">\r\n\t\t\t<\/span>\r\n\t\t\t\t\t\t<\/a>\r\n\t<\/div><div class=\"qodef-carousel-item-holder\">\r\n\t\t<a href=\"https:\/\/ohmybooth.fr\/\" target=\"_blank\">\r\n\t\t\t\t\t\t<span class=\"qodef-carousel-first-image-holder  qodef-image-zoom\">\r\n\t\t\t\t<img decoding=\"async\" src=\"https:\/\/www.ohmynet.fr\/wp-content\/uploads\/2024\/02\/Logo-ohmybooth.png\" alt=\"oh my Booth\">\r\n\t\t\t<\/span>\r\n\t\t\t\t\t\t<\/a>\r\n\t<\/div><div class=\"qodef-carousel-item-holder\">\r\n\t\t<a href=\"https:\/\/www.ohmyprint.fr\/\" target=\"_blank\">\r\n\t\t\t\t\t\t<span class=\"qodef-carousel-first-image-holder  qodef-image-zoom\">\r\n\t\t\t\t<img decoding=\"async\" src=\"https:\/\/www.ohmynet.fr\/wp-content\/uploads\/2024\/02\/Logo-ohmyprint.png\" alt=\"oh my print\">\r\n\t\t\t<\/span>\r\n\t\t\t\t\t\t<\/a>\r\n\t<\/div><div class=\"qodef-carousel-item-holder\">\r\n\t\t<a href=\"https:\/\/www.ohmynet.fr\/\" target=\"_blank\">\r\n\t\t\t\t\t\t<span class=\"qodef-carousel-first-image-holder  qodef-image-zoom\">\r\n\t\t\t\t<img decoding=\"async\" src=\"https:\/\/www.ohmynet.fr\/wp-content\/uploads\/2024\/02\/Logo-ohmydigital.png\" alt=\"oh my digital\">\r\n\t\t\t<\/span>\r\n\t\t\t\t\t\t<\/a>\r\n\t<\/div><div class=\"qodef-carousel-item-holder\">\r\n\t\t<a href=\"https:\/\/www.ohmypress.fr\/\" target=\"_blank\">\r\n\t\t\t\t\t\t<span class=\"qodef-carousel-first-image-holder  qodef-image-zoom\">\r\n\t\t\t\t<img decoding=\"async\" src=\"https:\/\/www.ohmynet.fr\/wp-content\/uploads\/2024\/02\/cropped-favicon-ohmypress-1.png\" alt=\"oh my press\">\r\n\t\t\t<\/span>\r\n\t\t\t\t\t\t<\/a>\r\n\t<\/div><div class=\"qodef-carousel-item-holder\">\r\n\t\t<a href=\"https:\/\/www.ohmyteam.eu\/\" target=\"_blank\">\r\n\t\t\t\t\t\t<span class=\"qodef-carousel-first-image-holder  qodef-image-zoom\">\r\n\t\t\t\t<img decoding=\"async\" src=\"https:\/\/www.ohmynet.fr\/wp-content\/uploads\/2024\/02\/Logo-ohmyteam.png\" alt=\"oh my team\">\r\n\t\t\t<\/span>\r\n\t\t\t\t\t\t<\/a>\r\n\t<\/div><div class=\"qodef-carousel-item-holder\">\r\n\t\t<a href=\"https:\/\/ohmywine.fr\/\" target=\"_self\">\r\n\t\t\t\t\t\t<span class=\"qodef-carousel-first-image-holder  qodef-image-zoom\">\r\n\t\t\t\t<img decoding=\"async\" src=\"https:\/\/www.ohmynet.fr\/wp-content\/uploads\/2024\/02\/Logo-ohmywine.png\" alt=\"oh my wine\">\r\n\t\t\t<\/span>\r\n\t\t\t\t\t\t<\/a>\r\n\t<\/div><\/div><\/div><\/div><\/div><\/div><\/div><\/div><\/div>\n<\/div>","protected":false},"excerpt":{"rendered":"","protected":false},"author":1,"featured_media":0,"parent":0,"menu_order":0,"comment_status":"closed","ping_status":"closed","template":"full-width.php","meta":{"footnotes":""},"class_list":["post-6146","page","type-page","status-publish","hentry"],"yoast_head":"<!-- This site is optimized with the Yoast SEO plugin v27.3 - https:\/\/yoast.com\/product\/yoast-seo-wordpress\/ -->\n<title>Contact - Oh My Digital - Agence Web Digital Lyon<\/title>\n<meta name=\"description\" content=\"L&#039;agence web Oh My Digital vous propose une collaboration privil\u00e9gi\u00e9e, tourn\u00e9e vers la r\u00e9ussite de votre projet de communication digitale.\" \/>\n<meta name=\"robots\" content=\"index, follow, max-snippet:-1, max-image-preview:large, max-video-preview:-1\" \/>\n<link rel=\"canonical\" href=\"https:\/\/www.ohmynet.fr\/en\/contact\/\" \/>\n<meta property=\"og:locale\" content=\"en_US\" \/>\n<meta property=\"og:type\" content=\"article\" \/>\n<meta property=\"og:title\" content=\"Contact - Oh My Digital - Agence Web Digital Lyon\" \/>\n<meta property=\"og:description\" content=\"L&#039;agence web Oh My Digital vous propose une collaboration privil\u00e9gi\u00e9e, tourn\u00e9e vers la r\u00e9ussite de votre projet de communication digitale.\" \/>\n<meta property=\"og:url\" content=\"https:\/\/www.ohmynet.fr\/en\/contact\/\" \/>\n<meta property=\"og:site_name\" content=\"Oh My Digital - Agence Web Digital Lyon\" \/>\n<meta property=\"article:modified_time\" content=\"2025-06-10T09:12:02+00:00\" \/>\n<meta name=\"twitter:card\" content=\"summary_large_image\" \/>\n<meta name=\"twitter:label1\" content=\"Est. reading time\" \/>\n\t<meta name=\"twitter:data1\" content=\"2 minutes\" \/>\n<script type=\"application\/ld+json\" class=\"yoast-schema-graph\">{\"@context\":\"https:\\\/\\\/schema.org\",\"@graph\":[{\"@type\":\"WebPage\",\"@id\":\"https:\\\/\\\/www.ohmynet.fr\\\/contact\\\/\",\"url\":\"https:\\\/\\\/www.ohmynet.fr\\\/contact\\\/\",\"name\":\"Contact - Oh My Digital - Agence Web Digital Lyon\",\"isPartOf\":{\"@id\":\"https:\\\/\\\/www.ohmynet.fr\\\/#website\"},\"datePublished\":\"2016-12-29T11:56:09+00:00\",\"dateModified\":\"2025-06-10T09:12:02+00:00\",\"description\":\"L'agence web Oh My Digital vous propose une collaboration privil\u00e9gi\u00e9e, tourn\u00e9e vers la r\u00e9ussite de votre projet de communication digitale.\",\"breadcrumb\":{\"@id\":\"https:\\\/\\\/www.ohmynet.fr\\\/contact\\\/#breadcrumb\"},\"inLanguage\":\"en-US\",\"potentialAction\":[{\"@type\":\"ReadAction\",\"target\":[\"https:\\\/\\\/www.ohmynet.fr\\\/contact\\\/\"]}]},{\"@type\":\"BreadcrumbList\",\"@id\":\"https:\\\/\\\/www.ohmynet.fr\\\/contact\\\/#breadcrumb\",\"itemListElement\":[{\"@type\":\"ListItem\",\"position\":1,\"name\":\"Accueil\",\"item\":\"https:\\\/\\\/www.ohmynet.fr\\\/\"},{\"@type\":\"ListItem\",\"position\":2,\"name\":\"Contact\"}]},{\"@type\":\"WebSite\",\"@id\":\"https:\\\/\\\/www.ohmynet.fr\\\/#website\",\"url\":\"https:\\\/\\\/www.ohmynet.fr\\\/\",\"name\":\"Oh My Digital - Agence Web Digital Lyon\",\"description\":\"Agence Web Digital - Lyon \\\/\\\/ Cailloux-sur-Fontaines\",\"potentialAction\":[{\"@type\":\"SearchAction\",\"target\":{\"@type\":\"EntryPoint\",\"urlTemplate\":\"https:\\\/\\\/www.ohmynet.fr\\\/?s={search_term_string}\"},\"query-input\":{\"@type\":\"PropertyValueSpecification\",\"valueRequired\":true,\"valueName\":\"search_term_string\"}}],\"inLanguage\":\"en-US\"}]}<\/script>\n<!-- \/ Yoast SEO plugin. -->","yoast_head_json":{"title":"Contact - Oh My Digital - Agence Web Digital Lyon","description":"L'agence web Oh My Digital vous propose une collaboration privil\u00e9gi\u00e9e, tourn\u00e9e vers la r\u00e9ussite de votre projet de communication digitale.","robots":{"index":"index","follow":"follow","max-snippet":"max-snippet:-1","max-image-preview":"max-image-preview:large","max-video-preview":"max-video-preview:-1"},"canonical":"https:\/\/www.ohmynet.fr\/en\/contact\/","og_locale":"en_US","og_type":"article","og_title":"Contact - Oh My Digital - Agence Web Digital Lyon","og_description":"L'agence web Oh My Digital vous propose une collaboration privil\u00e9gi\u00e9e, tourn\u00e9e vers la r\u00e9ussite de votre projet de communication digitale.","og_url":"https:\/\/www.ohmynet.fr\/en\/contact\/","og_site_name":"Oh My Digital - Agence Web Digital Lyon","article_modified_time":"2025-06-10T09:12:02+00:00","twitter_card":"summary_large_image","twitter_misc":{"Est. reading time":"2 minutes"},"schema":{"@context":"https:\/\/schema.org","@graph":[{"@type":"WebPage","@id":"https:\/\/www.ohmynet.fr\/contact\/","url":"https:\/\/www.ohmynet.fr\/contact\/","name":"Contact - Oh My Digital - Agence Web Digital Lyon","isPartOf":{"@id":"https:\/\/www.ohmynet.fr\/#website"},"datePublished":"2016-12-29T11:56:09+00:00","dateModified":"2025-06-10T09:12:02+00:00","description":"L'agence web Oh My Digital vous propose une collaboration privil\u00e9gi\u00e9e, tourn\u00e9e vers la r\u00e9ussite de votre projet de communication digitale.","breadcrumb":{"@id":"https:\/\/www.ohmynet.fr\/contact\/#breadcrumb"},"inLanguage":"en-US","potentialAction":[{"@type":"ReadAction","target":["https:\/\/www.ohmynet.fr\/contact\/"]}]},{"@type":"BreadcrumbList","@id":"https:\/\/www.ohmynet.fr\/contact\/#breadcrumb","itemListElement":[{"@type":"ListItem","position":1,"name":"Accueil","item":"https:\/\/www.ohmynet.fr\/"},{"@type":"ListItem","position":2,"name":"Contact"}]},{"@type":"WebSite","@id":"https:\/\/www.ohmynet.fr\/#website","url":"https:\/\/www.ohmynet.fr\/","name":"Oh My Digital - Agence Web Digital Lyon","description":"Agence Web Digital - Lyon \/\/ Cailloux-sur-Fontaines","potentialAction":[{"@type":"SearchAction","target":{"@type":"EntryPoint","urlTemplate":"https:\/\/www.ohmynet.fr\/?s={search_term_string}"},"query-input":{"@type":"PropertyValueSpecification","valueRequired":true,"valueName":"search_term_string"}}],"inLanguage":"en-US"}]}},"_links":{"self":[{"href":"https:\/\/www.ohmynet.fr\/en\/wp-json\/wp\/v2\/pages\/6146","targetHints":{"allow":["GET"]}}],"collection":[{"href":"https:\/\/www.ohmynet.fr\/en\/wp-json\/wp\/v2\/pages"}],"about":[{"href":"https:\/\/www.ohmynet.fr\/en\/wp-json\/wp\/v2\/types\/page"}],"author":[{"embeddable":true,"href":"https:\/\/www.ohmynet.fr\/en\/wp-json\/wp\/v2\/users\/1"}],"replies":[{"embeddable":true,"href":"https:\/\/www.ohmynet.fr\/en\/wp-json\/wp\/v2\/comments?post=6146"}],"version-history":[{"count":18,"href":"https:\/\/www.ohmynet.fr\/en\/wp-json\/wp\/v2\/pages\/6146\/revisions"}],"predecessor-version":[{"id":13340,"href":"https:\/\/www.ohmynet.fr\/en\/wp-json\/wp\/v2\/pages\/6146\/revisions\/13340"}],"wp:attachment":[{"href":"https:\/\/www.ohmynet.fr\/en\/wp-json\/wp\/v2\/media?parent=6146"}],"curies":[{"name":"wp","href":"https:\/\/api.w.org\/{rel}","templated":true}]}}